{"id":3797,"date":"2018-10-13T15:53:17","date_gmt":"2018-10-13T15:53:17","guid":{"rendered":"http:\/\/carolineopheys.de\/?page_id=3797"},"modified":"2021-10-22T12:45:02","modified_gmt":"2021-10-22T12:45:02","slug":"caroline","status":"publish","type":"page","link":"https:\/\/carolineopheys.de\/?page_id=3797","title":{"rendered":"Caroline"},"content":{"rendered":"<div class=\"wpb-content-wrapper\"><p>[vc_row][vc_column width=&#8220;1\/2&#8243;][vc_single_image image=&#8220;4155&#8243; img_size=&#8220;400&#215;500&#8243;][\/vc_column][vc_column width=&#8220;1\/2&#8243;][vc_zigzag color=&#8220;custom&#8220; custom_color=&#8220;#edd55c&#8220;][lab_text_autotype typed_text=&#8220;<\/p>\n<h2>Hallo! *Ich bin Caroline;und bin Illustratorin*<\/h2>\n<p>&#8220; typed_show_options=&#8220;yes&#8220; typed_options_loopcount=&#8220;-1&#8243; typed_options_typespeed=&#8220;100&#8243; typed_options_backdelay=&#8220;150&#8243; el_class=&#8220;.aboutme&#8220;][vc_empty_space height=&#8220;20px&#8220;][vc_column_text]Es freut mich dich hier auf meiner Website begr\u00fc\u00dfen zu d\u00fcrfen! Ich bin Caroline und habe mein Herz an die Illustration verloren!<\/p>\n<p>Die Illustration transportiert das, was mit Worten nicht m\u00f6glich ist. Dabei lege ich gro\u00dfen Wert auf liebensw\u00fcrdige Charaktere und Farben, die die Geschichte in das rechte Licht tauchen.<\/p>\n<p>Am liebsten arbeite ich digital in Photoshop. Dabei ist mir besonders wichtig nicht den Computer meine Arbeit machen zu lassen, sondern den Charakter der Zeichnung und das kleine bisschen Unvollkommenheit zu bewahren.<\/p>\n<p>F\u00fcr eine tolle Illustration steht f\u00fcr mich die Idee immer an erster Stelle. Durch meine Arbeitserfahrung als Art Directorin in verschiedenen Werbeagenturen, habe ich ein gutes Gef\u00fchl f\u00fcr Layout, Typographie, Komposition und Konzept.<\/p>\n<p>Ich freue mich auf viele wunderbare Projekte und unsere Zusammenarbeit.<\/p>\n<p>&nbsp;<\/p>\n<p>Caro<\/p>\n<h2 class=\"widgettitle\">\u2665<\/h2>\n<p>[\/vc_column_text][lab_button title=&#8220;Schreib mir doch!&#8220; type=&#8220;standard&#8220; size=&#8220;btn-large&#8220; button_bg=&#8220;btn-secondary&#8220; link=&#8220;url:http%3A%2F%2Fcarolineopheys.de%2F%3Fpage_id%3D2288|title:Email||&#8220; css=&#8220;.vc_custom_1540303563325{margin-left: 350px !important;}&#8220;][\/vc_column][\/vc_row]<\/p>\n<\/div>","protected":false},"excerpt":{"rendered":"<p>[vc_row][vc_column width=&#8220;1\/2&#8243;][vc_single_image image=&#8220;4155&#8243; img_size=&#8220;400&#215;500&#8243;][\/vc_column][vc_column width=&#8220;1\/2&#8243;][vc_zigzag color=&#8220;custom&#8220; custom_color=&#8220;#edd55c&#8220;][lab_text_autotype typed_text=&#8220; Hallo! *Ich bin Caroline;und bin Illustratorin* &#8220; typed_show_options=&#8220;yes&#8220; typed_options_loopcount=&#8220;-1&#8243; typed_options_typespeed=&#8220;100&#8243; typed_options_backdelay=&#8220;150&#8243; el_class=&#8220;.aboutme&#8220;][vc_empty_space height=&#8220;20px&#8220;][vc_column_text]Es freut mich dich hier auf meiner Website begr\u00fc\u00dfen zu d\u00fcrfen! Ich bin Caroline und habe mein Herz an die Illustration verloren! Die Illustration transportiert das, was mit Worten nicht m\u00f6glich ist. Dabei lege ich&hellip;<\/p>\n","protected":false},"author":1,"featured_media":0,"parent":0,"menu_order":0,"comment_status":"closed","ping_status":"closed","template":"","meta":{"footnotes":""},"acf":[],"_links":{"self":[{"href":"https:\/\/carolineopheys.de\/index.php?rest_route=\/wp\/v2\/pages\/3797"}],"collection":[{"href":"https:\/\/carolineopheys.de\/index.php?rest_route=\/wp\/v2\/pages"}],"about":[{"href":"https:\/\/carolineopheys.de\/index.php?rest_route=\/wp\/v2\/types\/page"}],"author":[{"embeddable":true,"href":"https:\/\/carolineopheys.de\/index.php?rest_route=\/wp\/v2\/users\/1"}],"replies":[{"embeddable":true,"href":"https:\/\/carolineopheys.de\/index.php?rest_route=%2Fwp%2Fv2%2Fcomments&post=3797"}],"version-history":[{"count":13,"href":"https:\/\/carolineopheys.de\/index.php?rest_route=\/wp\/v2\/pages\/3797\/revisions"}],"predecessor-version":[{"id":4156,"href":"https:\/\/carolineopheys.de\/index.php?rest_route=\/wp\/v2\/pages\/3797\/revisions\/4156"}],"wp:attachment":[{"href":"https:\/\/carolineopheys.de\/index.php?rest_route=%2Fwp%2Fv2%2Fmedia&parent=3797"}],"curies":[{"name":"wp","href":"https:\/\/api.w.org\/{rel}","templated":true}]}}